{"id":7,"date":"2023-07-20T14:38:08","date_gmt":"2023-07-20T12:38:08","guid":{"rendered":"http:\/\/chatperche86.fr\/?page_id=7"},"modified":"2024-01-29T09:11:17","modified_gmt":"2024-01-29T08:11:17","slug":"beaux-portfolios-pour-des-creatifs-exceptionnels","status":"publish","type":"page","link":"https:\/\/chatperche86.fr\/","title":{"rendered":"Beaux portfolios pour des cr\u00e9atifs exceptionnels"},"content":{"rendered":"\n<p class=\"has-text-align-center has-text-color has-medium-font-size\" style=\"color:#509117\"><strong>Chat Perch\u00e9 est une association parentale<\/strong> <strong>proposant un Relais Petite Enfance et un multi-accueil<\/strong><\/p>\n\n\n\n<p class=\"has-text-align-center has-text-color\" style=\"color:#509117\">Elle permet aux parents et assisant(e)s maternel(le)s d&#8217;\u00eatre acteurs, de participer au fonctionnement de la structure, aux c\u00f4t\u00e9s des salari\u00e9s. <br>Proposant un accueil en structure collective ou un accompagnement vers un accueil individuel chez un assistant maternel, l&#8217;association Chat Perch\u00e9 offre aussi un espace de convivialit\u00e9 pour les parents, assistants maternels et gardes \u00e0 domicile, \u00e0 travers diverses occasions de rencontres.<br><\/p>\n\n\n\n<p><\/p>\n\n\n\n<p class=\"has-text-align-center has-slightly-desaturated-pink-color has-text-color has-medium-font-size\"><strong>Pour tout renseignement veuillez contactez le 07.56.15.00.36 ou rpe@chatperche86.fr<\/strong><\/p>\n\n\n\n<p><\/p>\n\n\n\n<p><\/p>\n\n\n\n<p><\/p>\n\n\n\n<div style=\"height:55px\" aria-hidden=\"true\" class=\"wp-block-spacer\"><\/div>\n\n\n\n<div class=\"wp-block-group alignfull has-background\" style=\"background-color:#e5e9ec\"><div class=\"wp-block-group__inner-container is-layout-flow wp-block-group-is-layout-flow\">\n<div class=\"wp-block-columns is-layout-flex wp-container-core-columns-is-layout-9d6595d7 wp-block-columns-is-layout-flex\">\n<div class=\"wp-block-column is-vertically-aligned-center is-layout-flow wp-block-column-is-layout-flow\">\n<h2 class=\"wp-block-heading has-strong-cyan-color has-text-color\">Relais Petite Enfance (RPE) Chat Perch\u00e9<\/h2>\n\n\n\n<p class=\"has-text-align-center\">C&#8217;est un&nbsp;<strong>service gratuit de proximit\u00e9<\/strong>, mis \u00e0 disposition<strong>&nbsp;des parents et futurs parents<\/strong>, des&nbsp;<strong>assistant(e)s maternel(le)s <\/strong>et<strong>&nbsp;<\/strong>des&nbsp;<strong>gardes \u00e0 domicile<\/strong>.<\/p>\n\n\n\n<p class=\"has-strong-cyan-color has-text-color\">Venez nous rencontrer, nous vous informerons et accompagnerons en fonction de votre besoin&nbsp;:<\/p>\n\n\n\n<ul class=\"wp-block-list\">\n<li>vous souhaitez d\u00e9couvrir les services d\u00e9di\u00e9s \u00e0 la <strong>parentalit\u00e9<\/strong> et \u00e0 la <strong>petite enfance<\/strong> proche de chez vous&nbsp;<\/li>\n\n\n\n<li>vous <strong>cherchez un mode d\u2019accueil<\/strong> r\u00e9gulier ou occasionnel (assistante maternelle ou cr\u00e8che)<\/li>\n\n\n\n<li>vous <strong>employez un assistant maternel<\/strong> (comment r\u00e9diger le contrat de travail&nbsp;? Quel co\u00fbt&nbsp;? Quelles aides&nbsp;?)<\/li>\n\n\n\n<li>vous souhaitez <strong>inscrire votre enfant \u00e0 la cr\u00e8che<\/strong><\/li>\n<\/ul>\n\n\n\n<p><\/p>\n\n\n\n<p><\/p>\n\n\n\n<p><\/p>\n\n\n\n<div class=\"wp-block-buttons is-horizontal is-content-justification-left is-layout-flex wp-container-core-buttons-is-layout-7e5fce0a wp-block-buttons-is-layout-flex\"><\/div>\n\n\n\n<p><\/p>\n<\/div>\n\n\n\n<div class=\"wp-block-column is-layout-flow wp-block-column-is-layout-flow\">\n<div style=\"height:48px\" aria-hidden=\"true\" class=\"wp-block-spacer\"><\/div>\n\n\n\n<figure class=\"wp-block-gallery has-nested-images columns-default is-cropped wp-block-gallery-1 is-layout-flex wp-block-gallery-is-layout-flex\">\n<figure class=\"wp-block-image size-large is-style-default\"><img loading=\"lazy\" decoding=\"async\" width=\"1024\" height=\"768\" data-id=\"84\" src=\"https:\/\/chatperche86.fr\/wp-content\/uploads\/2023\/11\/IMG_3307-1-1024x768.jpg\" alt=\"\" class=\"wp-image-84\" srcset=\"https:\/\/chatperche86.fr\/wp-content\/uploads\/2023\/11\/IMG_3307-1-1024x768.jpg 1024w, https:\/\/chatperche86.fr\/wp-content\/uploads\/2023\/11\/IMG_3307-1-300x225.jpg 300w, https:\/\/chatperche86.fr\/wp-content\/uploads\/2023\/11\/IMG_3307-1-768x576.jpg 768w, https:\/\/chatperche86.fr\/wp-content\/uploads\/2023\/11\/IMG_3307-1-1536x1152.jpg 1536w, https:\/\/chatperche86.fr\/wp-content\/uploads\/2023\/11\/IMG_3307-1-2048x1536.jpg 2048w\" sizes=\"auto, (max-width: 1024px) 100vw, 1024px\" \/><\/figure>\n<\/figure>\n\n\n\n<p><\/p>\n<\/div>\n<\/div>\n<\/div><\/div>\n\n\n\n<div class=\"wp-block-group alignfull\"><div class=\"wp-block-group__inner-container is-layout-flow wp-block-group-is-layout-flow\">\n<div class=\"wp-block-columns are-vertically-aligned-center is-layout-flex wp-container-core-columns-is-layout-9d6595d7 wp-block-columns-is-layout-flex\">\n<div class=\"wp-block-column is-vertically-aligned-center is-layout-flow wp-block-column-is-layout-flow\">\n<div style=\"height:48px\" aria-hidden=\"true\" class=\"wp-block-spacer\"><\/div>\n\n\n\n<figure class=\"wp-block-image size-large\"><img loading=\"lazy\" decoding=\"async\" width=\"1024\" height=\"768\" src=\"https:\/\/chatperche86.fr\/wp-content\/uploads\/2023\/11\/IMG_3306-1-1024x768.jpg\" alt=\"\" class=\"wp-image-85\" srcset=\"https:\/\/chatperche86.fr\/wp-content\/uploads\/2023\/11\/IMG_3306-1-1024x768.jpg 1024w, https:\/\/chatperche86.fr\/wp-content\/uploads\/2023\/11\/IMG_3306-1-300x225.jpg 300w, https:\/\/chatperche86.fr\/wp-content\/uploads\/2023\/11\/IMG_3306-1-768x576.jpg 768w, https:\/\/chatperche86.fr\/wp-content\/uploads\/2023\/11\/IMG_3306-1-1536x1152.jpg 1536w, https:\/\/chatperche86.fr\/wp-content\/uploads\/2023\/11\/IMG_3306-1-2048x1536.jpg 2048w\" sizes=\"auto, (max-width: 1024px) 100vw, 1024px\" \/><figcaption class=\"wp-element-caption\">Cours multi accueil<\/figcaption><\/figure>\n<\/div>\n\n\n\n<div class=\"wp-block-column is-vertically-aligned-center is-layout-flow wp-block-column-is-layout-flow\">\n<h2 class=\"wp-block-heading has-text-color\" style=\"color:#e4a042ad\">Multi Accueil Chat Perch\u00e9<\/h2>\n\n\n\n<p>Vous cherchez un mode d&#8217;accueil occasionnel ou compl\u00e9ment de mode d&#8217;accueil; vous \u00eates en cong\u00e9 parental, recherche d&#8217;emploi ou avez besoin d&#8217;un peu de temps pour vous. Le multi-accueil Chat Perch\u00e9 est la pour vous accompagner. <\/p>\n\n\n\n<div class=\"wp-block-buttons is-layout-flex wp-block-buttons-is-layout-flex\"><\/div>\n<\/div>\n<\/div>\n<\/div><\/div>\n\n\n\n<div class=\"wp-block-group alignfull has-black-background-color has-background\"><div class=\"wp-block-group__inner-container is-layout-flow wp-block-group-is-layout-flow\">\n<h2 class=\"wp-block-heading has-text-align-center has-white-color has-text-color\"><\/h2>\n\n\n\n<figure class=\"wp-block-gallery has-nested-images columns-default is-cropped wp-block-gallery-2 is-layout-flex wp-block-gallery-is-layout-flex\">\n<figure class=\"wp-block-image size-large\"><img loading=\"lazy\" decoding=\"async\" width=\"1024\" height=\"768\" data-id=\"88\" src=\"https:\/\/chatperche86.fr\/wp-content\/uploads\/2023\/11\/IMG_3297-1024x768.jpg\" alt=\"\" class=\"wp-image-88\" srcset=\"https:\/\/chatperche86.fr\/wp-content\/uploads\/2023\/11\/IMG_3297-1024x768.jpg 1024w, https:\/\/chatperche86.fr\/wp-content\/uploads\/2023\/11\/IMG_3297-300x225.jpg 300w, https:\/\/chatperche86.fr\/wp-content\/uploads\/2023\/11\/IMG_3297-768x576.jpg 768w, https:\/\/chatperche86.fr\/wp-content\/uploads\/2023\/11\/IMG_3297-1536x1152.jpg 1536w, https:\/\/chatperche86.fr\/wp-content\/uploads\/2023\/11\/IMG_3297-2048x1536.jpg 2048w\" sizes=\"auto, (max-width: 1024px) 100vw, 1024px\" \/><\/figure>\n\n\n\n<figure class=\"wp-block-image size-large\"><img loading=\"lazy\" decoding=\"async\" width=\"1024\" height=\"768\" data-id=\"87\" src=\"https:\/\/chatperche86.fr\/wp-content\/uploads\/2023\/11\/IMG_3303-1024x768.jpg\" alt=\"\" class=\"wp-image-87\" srcset=\"https:\/\/chatperche86.fr\/wp-content\/uploads\/2023\/11\/IMG_3303-1024x768.jpg 1024w, https:\/\/chatperche86.fr\/wp-content\/uploads\/2023\/11\/IMG_3303-300x225.jpg 300w, https:\/\/chatperche86.fr\/wp-content\/uploads\/2023\/11\/IMG_3303-768x576.jpg 768w, https:\/\/chatperche86.fr\/wp-content\/uploads\/2023\/11\/IMG_3303-1536x1152.jpg 1536w, https:\/\/chatperche86.fr\/wp-content\/uploads\/2023\/11\/IMG_3303-2048x1536.jpg 2048w\" sizes=\"auto, (max-width: 1024px) 100vw, 1024px\" \/><\/figure>\n<\/figure>\n\n\n\n<figure class=\"wp-block-gallery aligncenter has-nested-images columns-default is-cropped wp-block-gallery-3 is-layout-flex wp-block-gallery-is-layout-flex\">\n<figure class=\"wp-block-image size-large\"><img loading=\"lazy\" decoding=\"async\" width=\"1024\" height=\"768\" data-id=\"41\" src=\"http:\/\/chatperche86.fr\/wp-content\/uploads\/2023\/07\/SAM_4982-1024x768.jpg\" alt=\"\" class=\"wp-image-41\" srcset=\"https:\/\/chatperche86.fr\/wp-content\/uploads\/2023\/07\/SAM_4982-1024x768.jpg 1024w, https:\/\/chatperche86.fr\/wp-content\/uploads\/2023\/07\/SAM_4982-300x225.jpg 300w, https:\/\/chatperche86.fr\/wp-content\/uploads\/2023\/07\/SAM_4982-768x576.jpg 768w, https:\/\/chatperche86.fr\/wp-content\/uploads\/2023\/07\/SAM_4982-1536x1152.jpg 1536w, https:\/\/chatperche86.fr\/wp-content\/uploads\/2023\/07\/SAM_4982-2048x1536.jpg 2048w\" sizes=\"auto, (max-width: 1024px) 100vw, 1024px\" \/><\/figure>\n\n\n\n<figure class=\"wp-block-image size-large\"><img loading=\"lazy\" decoding=\"async\" width=\"1024\" height=\"768\" data-id=\"42\" src=\"http:\/\/chatperche86.fr\/wp-content\/uploads\/2023\/07\/SAM_4985-1024x768.jpg\" alt=\"\" class=\"wp-image-42\" srcset=\"https:\/\/chatperche86.fr\/wp-content\/uploads\/2023\/07\/SAM_4985-1024x768.jpg 1024w, https:\/\/chatperche86.fr\/wp-content\/uploads\/2023\/07\/SAM_4985-300x225.jpg 300w, https:\/\/chatperche86.fr\/wp-content\/uploads\/2023\/07\/SAM_4985-768x576.jpg 768w, https:\/\/chatperche86.fr\/wp-content\/uploads\/2023\/07\/SAM_4985-1536x1152.jpg 1536w, https:\/\/chatperche86.fr\/wp-content\/uploads\/2023\/07\/SAM_4985-2048x1536.jpg 2048w\" sizes=\"auto, (max-width: 1024px) 100vw, 1024px\" \/><\/figure>\n\n\n\n<figure class=\"wp-block-image size-large\"><img loading=\"lazy\" decoding=\"async\" width=\"1024\" height=\"768\" data-id=\"43\" src=\"http:\/\/chatperche86.fr\/wp-content\/uploads\/2023\/07\/SAM_4988-1024x768.jpg\" alt=\"\" class=\"wp-image-43\" srcset=\"https:\/\/chatperche86.fr\/wp-content\/uploads\/2023\/07\/SAM_4988-1024x768.jpg 1024w, https:\/\/chatperche86.fr\/wp-content\/uploads\/2023\/07\/SAM_4988-300x225.jpg 300w, https:\/\/chatperche86.fr\/wp-content\/uploads\/2023\/07\/SAM_4988-768x576.jpg 768w, https:\/\/chatperche86.fr\/wp-content\/uploads\/2023\/07\/SAM_4988-1536x1152.jpg 1536w, https:\/\/chatperche86.fr\/wp-content\/uploads\/2023\/07\/SAM_4988-2048x1536.jpg 2048w\" sizes=\"auto, (max-width: 1024px) 100vw, 1024px\" \/><\/figure>\n\n\n\n<figure class=\"wp-block-image size-large\"><img loading=\"lazy\" decoding=\"async\" width=\"1024\" height=\"768\" data-id=\"86\" src=\"https:\/\/chatperche86.fr\/wp-content\/uploads\/2023\/11\/IMG_3293-1024x768.jpg\" alt=\"\" class=\"wp-image-86\" srcset=\"https:\/\/chatperche86.fr\/wp-content\/uploads\/2023\/11\/IMG_3293-1024x768.jpg 1024w, https:\/\/chatperche86.fr\/wp-content\/uploads\/2023\/11\/IMG_3293-300x225.jpg 300w, https:\/\/chatperche86.fr\/wp-content\/uploads\/2023\/11\/IMG_3293-768x576.jpg 768w, https:\/\/chatperche86.fr\/wp-content\/uploads\/2023\/11\/IMG_3293-1536x1152.jpg 1536w, https:\/\/chatperche86.fr\/wp-content\/uploads\/2023\/11\/IMG_3293-2048x1536.jpg 2048w\" sizes=\"auto, (max-width: 1024px) 100vw, 1024px\" \/><\/figure>\n<\/figure>\n<\/div><\/div>\n","protected":false},"excerpt":{"rendered":"<p>Chat Perch\u00e9 est une association parentale proposant un Relais Petite Enfance et un multi-accueil Elle permet aux&hellip;<\/p>\n","protected":false},"author":1,"featured_media":42,"parent":0,"menu_order":0,"comment_status":"closed","ping_status":"closed","template":"","meta":{"footnotes":""},"class_list":["post-7","page","type-page","status-publish","has-post-thumbnail","hentry"],"_links":{"self":[{"href":"https:\/\/chatperche86.fr\/index.php\/wp-json\/wp\/v2\/pages\/7","targetHints":{"allow":["GET"]}}],"collection":[{"href":"https:\/\/chatperche86.fr\/index.php\/wp-json\/wp\/v2\/pages"}],"about":[{"href":"https:\/\/chatperche86.fr\/index.php\/wp-json\/wp\/v2\/types\/page"}],"author":[{"embeddable":true,"href":"https:\/\/chatperche86.fr\/index.php\/wp-json\/wp\/v2\/users\/1"}],"replies":[{"embeddable":true,"href":"https:\/\/chatperche86.fr\/index.php\/wp-json\/wp\/v2\/comments?post=7"}],"version-history":[{"count":26,"href":"https:\/\/chatperche86.fr\/index.php\/wp-json\/wp\/v2\/pages\/7\/revisions"}],"predecessor-version":[{"id":94,"href":"https:\/\/chatperche86.fr\/index.php\/wp-json\/wp\/v2\/pages\/7\/revisions\/94"}],"wp:featuredmedia":[{"embeddable":true,"href":"https:\/\/chatperche86.fr\/index.php\/wp-json\/wp\/v2\/media\/42"}],"wp:attachment":[{"href":"https:\/\/chatperche86.fr\/index.php\/wp-json\/wp\/v2\/media?parent=7"}],"curies":[{"name":"wp","href":"https:\/\/api.w.org\/{rel}","templated":true}]}}